{"id":1301,"date":"2016-08-03T09:57:17","date_gmt":"2016-08-03T09:57:17","guid":{"rendered":"http:\/\/impreza7.us-themes.com\/?page_id=1301"},"modified":"2026-03-09T12:24:24","modified_gmt":"2026-03-09T12:24:24","slug":"studienprofil","status":"publish","type":"page","link":"https:\/\/glen-studie.de\/en\/studienprofil\/","title":{"rendered":"Studyprofile"},"content":{"rendered":"<section class=\"l-section wpb_row us_custom_dfaa5fd9 us_animate_this height_medium with_img\"><div class=\"l-section-img\" role=\"img\" aria-label=\"Image\" data-img-width=\"2376\" data-img-height=\"1584\" style=\"background-image: url(https:\/\/glen-studie.de\/wp-content\/uploads\/2024\/12\/design-2568792.jpg);background-size: auto;\"><\/div><div class=\"l-section-overlay\" style=\"background:rgba(246,246,246,0.30)\"><\/div><div class=\"l-section-h i-cf\"><div class=\"g-cols vc_row via_grid cols_1 laptops-cols_inherit tablets-cols_inherit mobiles-cols_1 valign_top type_boxes stacking_default\" style=\"--columns-gap:1rem;\"><div class=\"wpb_column vc_column_container us_custom_60e9caca us_animate_this\"><div class=\"vc_column-inner\"><div class=\"wpb_text_column\"><div class=\"wpb_wrapper\"><h1>Studyprofile<\/h1>\n<\/div><\/div><\/div><\/div><\/div><\/div><\/section><section class=\"l-section wpb_row us_custom_60e9caca us_animate_this height_medium\"><div class=\"l-section-h i-cf\"><div class=\"g-cols vc_row via_grid cols_2 laptops-cols_inherit tablets-cols_inherit mobiles-cols_1 valign_top type_default stacking_default\"><div class=\"wpb_column vc_column_container us_custom_60e9caca us_animate_this\"><div class=\"vc_column-inner\"><div class=\"wpb_text_column\"><div class=\"wpb_wrapper\"><h2><strong>Structure<\/strong><\/h2>\n<p>The plan is to regularly survey the same people over a period of 12 years, based on a Germany-wide residents' registration office sample of the adult population living in Germany, regardless of their nationality. The initial sample in fall 2024 had a size of 80,000 people.<\/p>\n<\/div><\/div><\/div><\/div><div class=\"wpb_column vc_column_container\"><div class=\"vc_column-inner\"><\/div><\/div><\/div><\/div><\/section><section class=\"l-section wpb_row us_custom_60e9caca us_animate_this height_auto\"><div class=\"l-section-h i-cf\"><div class=\"g-cols vc_row via_grid cols_2 laptops-cols_inherit tablets-cols_inherit mobiles-cols_1 valign_top type_default reversed stacking_default\"><div class=\"wpb_column vc_column_container us_custom_de366d1c us_animate_this\"><div class=\"vc_column-inner\"><div class=\"w-image align_none\"><div class=\"w-image-h\"><img decoding=\"async\" width=\"1024\" height=\"341\" src=\"https:\/\/glen-studie.de\/wp-content\/uploads\/2026\/02\/Panelstruktur-GLEN-englisch-1024x341.png\" class=\"attachment-large size-large\" alt=\"\" loading=\"lazy\" srcset=\"https:\/\/glen-studie.de\/wp-content\/uploads\/2026\/02\/Panelstruktur-GLEN-englisch-1024x341.png 1024w, https:\/\/glen-studie.de\/wp-content\/uploads\/2026\/02\/Panelstruktur-GLEN-englisch-300x100.png 300w, https:\/\/glen-studie.de\/wp-content\/uploads\/2026\/02\/Panelstruktur-GLEN-englisch-18x6.png 18w, https:\/\/glen-studie.de\/wp-content\/uploads\/2026\/02\/Panelstruktur-GLEN-englisch-1536x512.png 1536w\" sizes=\"auto, (max-width: 1024px) 100vw, 1024px\" \/><\/div><\/div><\/div><\/div><div class=\"wpb_column vc_column_container us_custom_de366d1c us_animate_this\"><div class=\"vc_column-inner\"><div class=\"w-separator size_small\"><\/div><div class=\"wpb_text_column\"><div class=\"wpb_wrapper\"><h2><strong>Mode<br \/>\n<\/strong><\/h2>\n<p>Data collection will take place in multiple panel waves using self-administered online and paper-based surveys. The focus will be on recurring panel modules to enable longitudinal analyses.<\/p>\n<\/div><\/div><div class=\"w-separator size_small\"><\/div><\/div><\/div><\/div><\/div><\/section><section class=\"l-section wpb_row us_custom_60e9caca us_animate_this height_auto\"><div class=\"l-section-h i-cf\"><div class=\"g-cols vc_row via_grid cols_2 laptops-cols_inherit tablets-cols_inherit mobiles-cols_1 valign_top type_default stacking_default\"><div class=\"wpb_column vc_column_container us_custom_de366d1c us_animate_this\"><div class=\"vc_column-inner\"><div class=\"w-separator size_huge\"><\/div><div class=\"wpb_text_column\"><div class=\"wpb_wrapper\"><h2>Contacting<\/h2>\n<p>After postal recruitment, two different contact methods are used from the first short survey onwards: Depending on whether the respondents have provided an e-mail address, they are invited either by post or by e-mail. The incentive also varies according to the type of contact. However, participation in the study is predominantly online.<\/p>\n<\/div><\/div><\/div><\/div><div class=\"wpb_column vc_column_container us_custom_60e9caca us_animate_this\"><div class=\"vc_column-inner\"><div class=\"w-separator size_small\"><\/div><div class=\"w-image align_right\"><div class=\"w-image-h\"><img decoding=\"async\" width=\"1024\" height=\"472\" src=\"https:\/\/glen-studie.de\/wp-content\/uploads\/2026\/02\/Erhebungsdesign-GLEN-englisch-1024x472.png\" class=\"attachment-large size-large\" alt=\"\" loading=\"lazy\" srcset=\"https:\/\/glen-studie.de\/wp-content\/uploads\/2026\/02\/Erhebungsdesign-GLEN-englisch-1024x472.png 1024w, https:\/\/glen-studie.de\/wp-content\/uploads\/2026\/02\/Erhebungsdesign-GLEN-englisch-300x138.png 300w, https:\/\/glen-studie.de\/wp-content\/uploads\/2026\/02\/Erhebungsdesign-GLEN-englisch-18x8.png 18w, https:\/\/glen-studie.de\/wp-content\/uploads\/2026\/02\/Erhebungsdesign-GLEN-englisch-1536x707.png 1536w\" sizes=\"auto, (max-width: 1024px) 100vw, 1024px\" \/><\/div><\/div><div class=\"w-separator size_small\"><\/div><div class=\"wpb_text_column\"><div class=\"wpb_wrapper\"><h2>Add-ons<\/h2>\n<p class=\"translation-block\">Experimental designs such as factorial survey experiments and questionnaire splits will also be integrated. Data users also have the opportunity to ask their own questions in open modules. Both panel designs and experiments are also possible here. Researchers can currently submit their own modules to us, further information can be found  <a href=\"https:\/\/glen-studie.de\/en\/offene-module\/\" target=\"_blank\" rel=\"noopener\">here<\/a>.<\/p>\n<\/div><\/div><\/div><\/div><\/div><\/div><\/section><section class=\"l-section wpb_row us_custom_60e9caca us_animate_this height_medium\"><div class=\"l-section-h i-cf\"><div class=\"g-cols vc_row via_grid cols_2 laptops-cols_inherit tablets-cols_inherit mobiles-cols_1 valign_top type_default stacking_default\"><div class=\"wpb_column vc_column_container\"><div class=\"vc_column-inner\"><div class=\"wpb_text_column\"><div class=\"wpb_wrapper\"><h2><strong>Any Questions?<\/strong><strong><br \/>\n<\/strong><\/h2>\n<\/div><\/div><div class=\"w-separator size_small\"><\/div><div class=\"w-btn-wrapper align_none\"><a class=\"w-btn us-btn-style_1\" title=\"Portfolio\" href=\"\/en\/kontakt\/\"><span class=\"w-btn-label\">Contact<\/span><\/a><\/div><\/div><\/div><div class=\"wpb_column vc_column_container\"><div class=\"vc_column-inner\"><\/div><\/div><\/div><\/div><\/section>","protected":false},"excerpt":{"rendered":"Studienprofil Struktur Geplant ist eine regelm\u00e4\u00dfige Befragung derselben Personen \u00fcber einen Zeitraum von 12 Jahren, ausgehend von einer deutschlandweiten Einwohnermeldeamtsstichprobe der in Deutschland wohnenden erwachsenen Bev\u00f6lkerung unabh\u00e4ngig von ihrer Nationalit\u00e4t. Die Ausgangsstichprobe im Herbst 2024 hatte eine Gr\u00f6\u00dfe von 80.000 Personen. Modus Die Datenerhebung wird in mehreren Panelwellen selbstadministriert anhand von Online- und Papierbefragungen erfolgen....","protected":false},"author":1,"featured_media":0,"parent":0,"menu_order":0,"comment_status":"closed","ping_status":"closed","template":"","meta":{"footnotes":""},"class_list":["post-1301","page","type-page","status-publish","hentry"],"_links":{"self":[{"href":"https:\/\/glen-studie.de\/en\/wp-json\/wp\/v2\/pages\/1301","targetHints":{"allow":["GET"]}}],"collection":[{"href":"https:\/\/glen-studie.de\/en\/wp-json\/wp\/v2\/pages"}],"about":[{"href":"https:\/\/glen-studie.de\/en\/wp-json\/wp\/v2\/types\/page"}],"author":[{"embeddable":true,"href":"https:\/\/glen-studie.de\/en\/wp-json\/wp\/v2\/users\/1"}],"replies":[{"embeddable":true,"href":"https:\/\/glen-studie.de\/en\/wp-json\/wp\/v2\/comments?post=1301"}],"version-history":[{"count":35,"href":"https:\/\/glen-studie.de\/en\/wp-json\/wp\/v2\/pages\/1301\/revisions"}],"predecessor-version":[{"id":4548,"href":"https:\/\/glen-studie.de\/en\/wp-json\/wp\/v2\/pages\/1301\/revisions\/4548"}],"wp:attachment":[{"href":"https:\/\/glen-studie.de\/en\/wp-json\/wp\/v2\/media?parent=1301"}],"curies":[{"name":"wp","href":"https:\/\/api.w.org\/{rel}","templated":true}]}}