{"id":3,"date":"2023-12-12T10:40:04","date_gmt":"2023-12-12T10:40:04","guid":{"rendered":"http:\/\/glen-studie.de\/?page_id=3"},"modified":"2026-03-02T14:47:50","modified_gmt":"2026-03-02T14:47:50","slug":"datenschutz","status":"publish","type":"page","link":"https:\/\/glen-studie.de\/en\/datenschutz\/","title":{"rendered":"Impressum \/ Datenschutz"},"content":{"rendered":"<section class=\"l-section wpb_row height_medium\"><div class=\"l-section-h i-cf\"><div class=\"g-cols vc_row via_grid cols_1 laptops-cols_inherit tablets-cols_inherit mobiles-cols_1 valign_top type_default stacking_default\"><div class=\"wpb_column vc_column_container\"><div class=\"vc_column-inner\"><div class=\"wpb_text_column\"><div class=\"wpb_wrapper\"><h2>Impressum (German)<\/h2>\n<p>Angaben gem\u00e4\u00df \u00a7 5 TMG: Die Internetseite https:\/\/glen-studie.de wird betrieben durch Christiane Bozoyan<\/p>\n<p>Postadresse:<br \/>Christiane Bozoyan<br \/><span>Max-Weber-Institut f\u00fcr Soziologie<\/span><br \/><span>Bergheimer Stra\u00dfe 58<\/span><br \/><span>D-69115 Heidelberg<\/span><\/p>\n<p>Dieses Impressum gilt auch f\u00fcr die Blueskyseite und die X-Seite der GLEN-Studie.<\/p>\n<p>&nbsp;<\/p>\n<h2>Datenschutz<\/h2>\n<h3>Allgemein<\/h3>\n<p>Die Betreiber dieser Seiten nehmen den Schutz Ihrer pers\u00f6nlichen Daten sehr ernst. Wir behandeln Ihre personenbezogenen Daten vertraulich und entsprechend der gesetzlichen Datenschutzvorschriften sowie dieser Datenschutzerkl\u00e4rung.<\/p>\n<p>Wenn Sie diese Website benutzen, werden verschiedene personenbezogene Daten erhoben. Personenbezogene Daten sind Daten, mit denen Sie pers\u00f6nlich identifiziert werden k\u00f6nnen. Die vorliegende Datenschutzerkl\u00e4rung erl\u00e4utert, welche Daten wir erheben und wof\u00fcr wir sie nutzen. Sie erl\u00e4utert auch, wie und zu welchem Zweck das geschieht.<\/p>\n<p>Wir weisen darauf hin, dass die Daten\u00fcbertragung im Internet (z.B. bei der Kommunikation per E-Mail) Sicherheitsl\u00fccken aufweisen kann. Ein l\u00fcckenloser Schutz der Daten vor dem Zugriff durch Dritte ist nicht m\u00f6glich.<\/p>\n<p>Der Nutzung von im Rahmen der Impressumspflicht ver\u00f6ffentlichten Kontaktdaten durch Dritte zur \u00dcbersendung von nicht ausdr\u00fccklich angeforderter Werbung und Informationsmaterialien wird hiermit ausdr\u00fccklich widersprochen. Die Betreiber der Seiten behalten sich ausdr\u00fccklich rechtliche Schritte im Falle der unverlangten Zusendung von Werbeinformationen, etwa durch Spam-Mails, vor.<\/p>\n<p>Hinweis zur verantwortlichen Stelle<\/p>\n<p>Die verantwortliche Stelle f\u00fcr die Datenverarbeitung auf dieser Website ist:<\/p>\n<p><span id=\"page17R_mcid4\" class=\"markedContent\">Christiane Bozoyan<br \/><span>Max-Weber-Institut f\u00fcr Soziologie<\/span><br \/><span>Bergheimer Stra\u00dfe 58<\/span><br \/><span>D-69115 Heidelberg<\/span><br \/><\/span><\/p>\n<p>C.Bozoyan@lmu.de<\/p>\n<p><strong>Cookies<\/strong><\/p>\n<p><span>Wir verwenden Cookies und \u00e4hnliche Technologien auf unserer Website, um Ihnen die bestm\u00f6gliche Nutzererfahrung zu bieten. Cookies sind kleine Textdateien, die auf Ihrem Ger\u00e4t gespeichert werden, um Funktionen wie das Speichern von Anmeldedaten zu erm\u00f6glichen oder Inhalte und Anzeigen zu personalisieren.<br \/>Rechtsgrundlagen f\u00fcr die Verarbeitung von personenbezogenen Daten in diesem Zusammenhang sind Art. 6 Abs. 1 lit. c DS-GVO und Art. 6 Abs. 1 lit. f DS-GVO. Unser berechtigtes Interesse ist die Verwaltung der eingesetzten Cookies und \u00e4hnlichen Technologien und der diesbez\u00fcglichen Einwilligungen.<br \/><\/span><\/p>\n<p>Durch den Einsatz von Cookies k\u00f6nnen wir den Nutzern dieser Internetseite nutzerfreundlichere Services bereitstellen, die ohne die Cookie-Setzung nicht m\u00f6glich w\u00e4ren.<br \/>Mittels eines Cookies k\u00f6nnen die Informationen und Angebote auf unserer Internetseite im Sinne des Benutzers optimiert werden. Cookies erm\u00f6glichen uns, wie bereits erw\u00e4hnt, die Benutzer unserer Internetseite wiederzuerkennen. Zweck dieser Wiedererkennung ist es, den Nutzern die Verwendung unserer Internetseite zu erleichtern. Der Benutzer einer Internetseite, die Cookies verwendet, muss beispielsweise nicht bei jedem Besuch der Internetseite erneut seine Zugangsdaten eingeben, weil dies von der Internetseite und dem auf dem Computersystem des Benutzers abgelegten Cookie \u00fcbernommen wird.<\/p>\n<p>Die betroffene Person kann die Setzung von Cookies durch unsere Internetseite jederzeit mittels einer entsprechenden Einstellung des genutzten Internetbrowsers verhindern und damit der Setzung von Cookies dauerhaft widersprechen. Ferner k\u00f6nnen bereits gesetzte Cookies jederzeit \u00fcber einen Internetbrowser oder andere Softwareprogramme gel\u00f6scht werden. Dies ist in allen g\u00e4ngigen Internetbrowsern m\u00f6glich. Deaktiviert die betroffene Person die Setzung von Cookies in dem genutzten Internetbrowser, sind unter Umst\u00e4nden nicht alle Funktionen unserer Internetseite vollumf\u00e4nglich nutzbar.<\/p>\n<p>Wenn Sie Fragen zu unserer Verwendung von Cookies oder allgemein zu unserem Datenschutz haben, k\u00f6nnen Sie uns unter der folgenden E-Mail-Adresse erreichen: <a href=\"mailto:info@glen-studie.de\" rel=\"noopener\"><span>info<\/span><span>@glen<\/span><span>-studie<\/span><span>.de<\/span><\/a>.<\/p>\n<p>&nbsp;<\/p>\n<\/div><\/div><\/div><\/div><\/div><\/div><\/section>","protected":false},"excerpt":{"rendered":"Impressum Angaben gem\u00e4\u00df \u00a7 5 TMG: Die Internetseite https:\/\/glen-studie.de wird betrieben durch Christiane Bozoyan Postadresse:Christiane BozoyanMax-Weber-Institut f\u00fcr SoziologieBergheimer Stra\u00dfe 58D-69115 Heidelberg Dieses Impressum gilt auch f\u00fcr die Blueskyseite und die X-Seite der GLEN-Studie. &nbsp; Datenschutz Allgemein Die Betreiber dieser Seiten nehmen den Schutz Ihrer pers\u00f6nlichen Daten sehr ernst. Wir behandeln Ihre personenbezogenen Daten vertraulich und...","protected":false},"author":1,"featured_media":0,"parent":0,"menu_order":0,"comment_status":"closed","ping_status":"open","template":"","meta":{"footnotes":""},"class_list":["post-3","page","type-page","status-publish","hentry"],"_links":{"self":[{"href":"https:\/\/glen-studie.de\/en\/wp-json\/wp\/v2\/pages\/3","targetHints":{"allow":["GET"]}}],"collection":[{"href":"https:\/\/glen-studie.de\/en\/wp-json\/wp\/v2\/pages"}],"about":[{"href":"https:\/\/glen-studie.de\/en\/wp-json\/wp\/v2\/types\/page"}],"author":[{"embeddable":true,"href":"https:\/\/glen-studie.de\/en\/wp-json\/wp\/v2\/users\/1"}],"replies":[{"embeddable":true,"href":"https:\/\/glen-studie.de\/en\/wp-json\/wp\/v2\/comments?post=3"}],"version-history":[{"count":7,"href":"https:\/\/glen-studie.de\/en\/wp-json\/wp\/v2\/pages\/3\/revisions"}],"predecessor-version":[{"id":4532,"href":"https:\/\/glen-studie.de\/en\/wp-json\/wp\/v2\/pages\/3\/revisions\/4532"}],"wp:attachment":[{"href":"https:\/\/glen-studie.de\/en\/wp-json\/wp\/v2\/media?parent=3"}],"curies":[{"name":"wp","href":"https:\/\/api.w.org\/{rel}","templated":true}]}}