{"id":4035,"date":"2024-07-26T09:45:45","date_gmt":"2024-07-26T09:45:45","guid":{"rendered":"https:\/\/glen-studie.de\/?page_id=4035"},"modified":"2026-03-31T13:32:27","modified_gmt":"2026-03-31T13:32:27","slug":"veroeffentlichungen","status":"publish","type":"page","link":"https:\/\/glen-studie.de\/en\/veroeffentlichungen\/","title":{"rendered":"Publications"},"content":{"rendered":"<section class=\"l-section wpb_row us_custom_60e9caca us_animate_this height_auto with_img\"><div class=\"l-section-img\" role=\"img\" aria-label=\"Image\" data-img-width=\"2253\" data-img-height=\"836\" style=\"background-image: url(https:\/\/glen-studie.de\/wp-content\/uploads\/2026\/03\/HIntergrund-Titeldesign-4-scaled-e1774961253478.png);background-position: center left;\"><\/div><div class=\"l-section-h i-cf\"><div class=\"g-cols vc_row via_grid cols_1 laptops-cols_inherit tablets-cols_inherit mobiles-cols_1 valign_top type_default stacking_default\"><div class=\"wpb_column vc_column_container us_custom_8535c5f4\"><div class=\"vc_column-inner\"><h2 class=\"w-post-elm post_title us_custom_5df4fe80 entry-title color_link_inherit\">Publications<\/h2><\/div><\/div><\/div><\/div><\/section><section class=\"l-section wpb_row us_custom_60e9caca us_animate_this height_small\"><div class=\"l-section-h i-cf\"><div class=\"g-cols vc_row via_grid cols_1 laptops-cols_inherit tablets-cols_inherit mobiles-cols_1 valign_top type_default stacking_default\"><div class=\"wpb_column vc_column_container\"><div class=\"vc_column-inner\"><div class=\"g-cols wpb_row us_custom_b87f0283 via_grid cols_1 laptops-cols_inherit tablets-cols_inherit mobiles-cols_1 valign_top type_default stacking_default\" style=\"--columns-gap:3rem;\"><div class=\"wpb_column vc_column_container\"><div class=\"vc_column-inner\"><div class=\"wpb_text_column us_custom_b91424ac\"><div class=\"wpb_wrapper\"><p><strong>The data from GLEN will be available to researchers from all disciplines after publication. On this page, you will find an overview of scientific publications based on these data.<\/strong><\/p>\n<\/div><\/div><\/div><\/div><\/div><div class=\"g-cols wpb_row via_grid cols_2 laptops-cols_inherit tablets-cols_inherit mobiles-cols_1 valign_top type_default stacking_default\" style=\"--columns-gap:3rem;\"><div class=\"wpb_column vc_column_container us_custom_dcaac7b3 has_text_color has_bg_color\"><div class=\"vc_column-inner\"><div class=\"wpb_text_column\"><div class=\"wpb_wrapper\"><h3>Trendreport 2025<\/h3>\n<p>Auspurg, K., Best, H., Bozoyan, C., Diekmann, A., Ries, F., Schmiedeberg, C. (2025). Ergebnisse aus dem Deutschen Umweltpanel (GLEN). GLEN Trendreport 2025. https:\/\/doi.org\/10.31235\/osf.io\/dmvak_v1<\/p>\n<\/div><\/div><div class=\"w-btn-wrapper align_right\"><a class=\"w-btn us-btn-style_1 us_custom_e2a9ef87\" target=\"_blank\" href=\"https:\/\/glen-studie.de\/wp-content\/uploads\/2025\/10\/GLEN_Trendreport-2025.pdf\"><span class=\"w-btn-label\">Read More<\/span><\/a><\/div><\/div><\/div><div class=\"wpb_column vc_column_container us_custom_dcaac7b3 has_text_color has_bg_color\"><div class=\"vc_column-inner\"><div class=\"wpb_text_column\"><div class=\"wpb_wrapper\"><h3>Working Paper 1<\/h3>\n<p>Auspurg et al. (2024). The German Longitudinal Environmental Study (GLEN), Proposal as a DFG longterm project. GLEN Working Paper No. 1. https:\/\/doi.org\/10.31235\/osf.io\/kmpw6_v1<\/p>\n<\/div><\/div><div class=\"w-btn-wrapper align_right\"><a class=\"w-btn us-btn-style_1 us_custom_e2a9ef87\" target=\"_blank\" href=\"https:\/\/glen-studie.de\/wp-content\/uploads\/2025\/10\/GLEN_WP01_Proposal_2024.pdf\"><span class=\"w-btn-label\">Read More<\/span><\/a><\/div><\/div><\/div><\/div><div class=\"g-cols wpb_row via_grid cols_2 laptops-cols_inherit tablets-cols_inherit mobiles-cols_1 valign_top type_default stacking_default\" style=\"--columns-gap:3rem;\"><div class=\"wpb_column vc_column_container\"><div class=\"vc_column-inner\"><\/div><\/div><div class=\"wpb_column vc_column_container us_custom_dcaac7b3 has_text_color has_bg_color\"><div class=\"vc_column-inner\"><div class=\"wpb_text_column\"><div class=\"wpb_wrapper\"><h3>Working Paper 2<\/h3>\n<p>Auspurg, Katrin (2025). Woran scheitern wir in der Klimapolitik bzw. Transformation, und worin genau besteht die Umsetzungskrise aus Sicht der Soziologie?. GLEN Working Paper No. 2.\u00a0 https:\/\/doi.org\/10.31235\/osf.io\/sbyqw_v1<\/p>\n<\/div><\/div><div class=\"w-btn-wrapper align_right\"><a class=\"w-btn us-btn-style_1 us_custom_e2a9ef87\" target=\"_blank\" href=\"https:\/\/glen-studie.de\/wp-content\/uploads\/2025\/10\/GLEN_WP02_Fachtagung_Augsburg_2025.pdf\"><span class=\"w-btn-label\">Read More<\/span><\/a><\/div><\/div><\/div><\/div><div class=\"g-cols wpb_row via_grid cols_2 laptops-cols_inherit tablets-cols_inherit mobiles-cols_1 valign_top type_default stacking_default\" style=\"--columns-gap:3rem;\"><div class=\"wpb_column vc_column_container\"><div class=\"vc_column-inner\"><\/div><\/div><div class=\"wpb_column vc_column_container us_custom_dcaac7b3 has_text_color has_bg_color\"><div class=\"vc_column-inner\"><div class=\"wpb_text_column\"><div class=\"wpb_wrapper\"><h3>Working Paper 3<\/h3>\n<p>Schmiedeberg, C., Ries, F., Schr\u00f6der, J. (2025). Effekte der Preiserh\u00f6hung des Deutschlandtickets auf die Nachfrage und Verkehrsmittelnutzung. GLEN Working Paper No. 3. https:\/\/doi.org\/10.31235\/osf.io\/nz3v9_v1<\/p>\n<\/div><\/div><div class=\"w-btn-wrapper align_right\"><a class=\"w-btn us-btn-style_1 us_custom_e2a9ef87\" target=\"_blank\" href=\"https:\/\/glen-studie.de\/wp-content\/uploads\/2025\/12\/GLEN_WP03-D-Ticket_2025.pdf\"><span class=\"w-btn-label\">Read More<\/span><\/a><\/div><\/div><\/div><\/div><\/div><\/div><\/div><\/div><\/section>","protected":false},"excerpt":{"rendered":"Ver\u00f6ffentlichungenDie Daten von GLEN stehen nach ihrer Ver\u00f6ffentlichung Wissenschaftlerinnen und Wissenschaftlern aus allen Disziplinen zur Verf\u00fcgung. Auf dieser Seite finden Sie eine \u00dcbersicht \u00fcber die wissenschaftlichen Publikationen, die auf Basis dieser Daten entstehen. Trendreport 2025 Auspurg, K., Best, H., Bozoyan, C., Diekmann, A., Ries, F., Schmiedeberg, C. (2025). Ergebnisse aus dem Deutschen Umweltpanel (GLEN). GLEN...","protected":false},"author":1,"featured_media":0,"parent":0,"menu_order":0,"comment_status":"closed","ping_status":"closed","template":"","meta":{"footnotes":""},"class_list":["post-4035","page","type-page","status-publish","hentry"],"_links":{"self":[{"href":"https:\/\/glen-studie.de\/en\/wp-json\/wp\/v2\/pages\/4035","targetHints":{"allow":["GET"]}}],"collection":[{"href":"https:\/\/glen-studie.de\/en\/wp-json\/wp\/v2\/pages"}],"about":[{"href":"https:\/\/glen-studie.de\/en\/wp-json\/wp\/v2\/types\/page"}],"author":[{"embeddable":true,"href":"https:\/\/glen-studie.de\/en\/wp-json\/wp\/v2\/users\/1"}],"replies":[{"embeddable":true,"href":"https:\/\/glen-studie.de\/en\/wp-json\/wp\/v2\/comments?post=4035"}],"version-history":[{"count":28,"href":"https:\/\/glen-studie.de\/en\/wp-json\/wp\/v2\/pages\/4035\/revisions"}],"predecessor-version":[{"id":4640,"href":"https:\/\/glen-studie.de\/en\/wp-json\/wp\/v2\/pages\/4035\/revisions\/4640"}],"wp:attachment":[{"href":"https:\/\/glen-studie.de\/en\/wp-json\/wp\/v2\/media?parent=4035"}],"curies":[{"name":"wp","href":"https:\/\/api.w.org\/{rel}","templated":true}]}}