{"id":4042,"date":"2024-07-26T10:12:40","date_gmt":"2024-07-26T10:12:40","guid":{"rendered":"https:\/\/glen-studie.de\/?page_id=4042"},"modified":"2026-03-31T13:32:49","modified_gmt":"2026-03-31T13:32:49","slug":"presse","status":"publish","type":"page","link":"https:\/\/glen-studie.de\/en\/presse\/","title":{"rendered":"Press"},"content":{"rendered":"<section class=\"l-section wpb_row us_custom_60e9caca us_animate_this height_auto with_img\"><div class=\"l-section-img\" role=\"img\" aria-label=\"Image\" data-img-width=\"2253\" data-img-height=\"836\" style=\"background-image: url(https:\/\/glen-studie.de\/wp-content\/uploads\/2026\/03\/HIntergrund-Titeldesign-4-scaled-e1774961253478.png);background-position: center left;\"><\/div><div class=\"l-section-h i-cf\"><div class=\"g-cols vc_row via_grid cols_1 laptops-cols_inherit tablets-cols_inherit mobiles-cols_1 valign_top type_default stacking_default\" style=\"--columns-gap:0.2rem;\"><div class=\"wpb_column vc_column_container\"><div class=\"vc_column-inner\"><h1 class=\"w-post-elm post_title us_custom_5df4fe80 entry-title color_link_inherit\">Press<\/h1><\/div><\/div><\/div><\/div><\/section><section class=\"l-section wpb_row us_custom_60e9caca us_animate_this height_small\"><div class=\"l-section-h i-cf\"><div class=\"g-cols vc_row via_grid cols_1 laptops-cols_inherit tablets-cols_inherit mobiles-cols_1 valign_top type_default stacking_default\" style=\"--columns-gap:0.5rem;\"><div class=\"wpb_column vc_column_container\"><div class=\"vc_column-inner\"><div class=\"g-cols wpb_row us_custom_f11ef351 via_grid cols_1 laptops-cols_inherit tablets-cols_inherit mobiles-cols_1 valign_top type_default stacking_default\" style=\"--columns-gap:3rem;\"><div class=\"wpb_column vc_column_container\"><div class=\"vc_column-inner\"><div class=\"wpb_text_column us_custom_f1b1e103 has_text_color\"><div class=\"wpb_wrapper\"><h2><strong>Latest Press Releases<\/strong><\/h2>\n<p>Here you will find the latest updates and press releases about GLEN.\nFor now, there are no translations of the German news  articles about GLEN.<\/p>\n<\/div><\/div><\/div><\/div><\/div><\/div><\/div><\/div><\/div><\/section><section class=\"l-section wpb_row us_custom_2b0d27cf us_animate_this height_small\"><div class=\"l-section-h i-cf\"><div class=\"g-cols vc_row via_grid cols_1 laptops-cols_inherit tablets-cols_inherit mobiles-cols_1 valign_top type_default stacking_default\" style=\"--columns-gap:2rem;\"><div class=\"wpb_column vc_column_container\"><div class=\"vc_column-inner\"><div class=\"g-cols wpb_row via_grid cols_2 laptops-cols_inherit tablets-cols_inherit mobiles-cols_1 valign_top type_default stacking_default\" style=\"--columns-gap:1.5rem;\"><div class=\"wpb_column vc_column_container\"><div class=\"vc_column-overlay\" style=\"background:rgba(232,232,232,0.85)\"><\/div><div class=\"vc_column-inner\"><div class=\"wpb_text_column us_custom_76ed4760 has_text_color\"><div class=\"wpb_wrapper\"><h4 class=\"g-h1 g-margin-bottom-l titel\">Wie halten Sie es mit dem Klima?<\/h4>\n<p>Pf\u00e4lzische Volkszeitung<br \/>\n30. November 2024<\/p>\n<\/div><\/div><div class=\"w-btn-wrapper align_right\"><a class=\"w-btn us-btn-style_1 us_custom_31e511f6\" target=\"_blank\" href=\"https:\/\/glen-studie.de\/wp-content\/uploads\/2024\/12\/rhp-kai_30112024.pdf\"><span class=\"w-btn-label\">Read More<\/span><\/a><\/div><\/div><\/div><div class=\"wpb_column vc_column_container\"><div class=\"vc_column-overlay\" style=\"background:rgba(232,232,232,0.85)\"><\/div><div class=\"vc_column-inner\"><div class=\"wpb_text_column us_custom_76ed4760 has_text_color\"><div class=\"wpb_wrapper\"><h4><span>Ist die Klimakrise ein blinder Fleck der Soziologie?\u00a0<\/span><\/h4>\n<p>Deutschlandfunk<br \/>\n31. Oktober 2024<\/p>\n<\/div><\/div><div class=\"w-btn-wrapper align_right\"><a class=\"w-btn us-btn-style_1 us_custom_31e511f6\" target=\"_blank\" href=\"https:\/\/www.deutschlandfunk.de\/erderwaermung-ist-die-klimakrise-ein-blinder-fleck-der-soziologie-dlf-bdd1f113-100.html\"><span class=\"w-btn-label\">Read More<\/span><\/a><\/div><\/div><\/div><\/div><div class=\"g-cols wpb_row via_grid cols_1 laptops-cols_inherit tablets-cols_inherit mobiles-cols_1 valign_top type_default stacking_default\" style=\"--columns-gap:3rem;\"><div class=\"wpb_column vc_column_container\"><div class=\"vc_column-inner\"><div class=\"w-separator size_small\"><\/div><\/div><\/div><\/div><div class=\"g-cols wpb_row via_grid cols_2 laptops-cols_inherit tablets-cols_inherit mobiles-cols_1 valign_top type_default stacking_default\" style=\"--columns-gap:1.5rem;\"><div class=\"wpb_column vc_column_container\"><div class=\"vc_column-overlay\" style=\"background:rgba(232,232,232,0.85)\"><\/div><div class=\"vc_column-inner\"><div class=\"wpb_text_column us_custom_76ed4760 has_text_color\"><div class=\"wpb_wrapper\"><h4>Gro\u00df angelegte Panelstudie f\u00fcr sozialwissenschaftliche Umweltforschung<\/h4>\n<p>LMU M\u00fcnchen<br \/>\n22. M\u00e4rz 2024<\/p>\n<\/div><\/div><div class=\"w-btn-wrapper align_right\"><a class=\"w-btn us-btn-style_1 us_custom_7009b8b5\" target=\"_blank\" href=\"https:\/\/www.lmu.de\/de\/newsroom\/newsuebersicht\/news\/gross-angelegte-panelstudie-fuer-sozialwissenschaftliche-umweltforschung-3e981eef.html\"><span class=\"w-btn-label\">Read More<\/span><\/a><\/div><\/div><\/div><div class=\"wpb_column vc_column_container\"><div class=\"vc_column-overlay\" style=\"background:rgba(232,232,232,0.85)\"><\/div><div class=\"vc_column-inner\"><div class=\"wpb_text_column us_custom_76ed4760 has_text_color\"><div class=\"wpb_wrapper\"><h5>Wegweisende Panelstudie f\u00fcr sozialwissenschaftliche Umweltforschung, RPTU im Forschungsverbund<\/h5>\n<div class=\"news-meta\">\n<div class=\"news-meta__date\"><time datetime=\"2024-03-21\"><time datetime=\"2024-03-21\">RPTU Kaiserslautern-Landau<br \/>\n21. M\u00e4rz 2024<\/time><\/time><\/div>\n<\/div>\n<\/div><\/div><div class=\"w-btn-wrapper align_right\"><a class=\"w-btn us-btn-style_1 us_custom_31e511f6\" target=\"_blank\" href=\"https:\/\/rptu.de\/newsroom\/detail\/news\/wegweisende-panelstudie-fuer-sozialwissenschaftliche-umweltforschung-rptu-im-forschungsverbund\"><span class=\"w-btn-label\">Read More<\/span><\/a><\/div><\/div><\/div><\/div><\/div><\/div><\/div><\/div><\/section>","protected":false},"excerpt":{"rendered":"PresseAktuelle Pressemeldungen Hier finden Sie aktuelle Informationen und Pressemitteilungen zu GLEN. Wie halten Sie es mit dem Klima? Pf\u00e4lzische Volkszeitung 30. November 2024 Mehr lesenIst die Klimakrise ein blinder Fleck der Soziologie?\u00a0 Deutschlandfunk 31. Oktober 2024 Mehr lesenGro\u00df angelegte Panelstudie f\u00fcr sozialwissenschaftliche Umweltforschung LMU M\u00fcnchen 22. M\u00e4rz 2024 Mehr lesenWegweisende Panelstudie f\u00fcr sozialwissenschaftliche Umweltforschung, RPTU...","protected":false},"author":1,"featured_media":0,"parent":0,"menu_order":0,"comment_status":"closed","ping_status":"closed","template":"","meta":{"footnotes":""},"class_list":["post-4042","page","type-page","status-publish","hentry"],"_links":{"self":[{"href":"https:\/\/glen-studie.de\/en\/wp-json\/wp\/v2\/pages\/4042","targetHints":{"allow":["GET"]}}],"collection":[{"href":"https:\/\/glen-studie.de\/en\/wp-json\/wp\/v2\/pages"}],"about":[{"href":"https:\/\/glen-studie.de\/en\/wp-json\/wp\/v2\/types\/page"}],"author":[{"embeddable":true,"href":"https:\/\/glen-studie.de\/en\/wp-json\/wp\/v2\/users\/1"}],"replies":[{"embeddable":true,"href":"https:\/\/glen-studie.de\/en\/wp-json\/wp\/v2\/comments?post=4042"}],"version-history":[{"count":52,"href":"https:\/\/glen-studie.de\/en\/wp-json\/wp\/v2\/pages\/4042\/revisions"}],"predecessor-version":[{"id":4192,"href":"https:\/\/glen-studie.de\/en\/wp-json\/wp\/v2\/pages\/4042\/revisions\/4192"}],"wp:attachment":[{"href":"https:\/\/glen-studie.de\/en\/wp-json\/wp\/v2\/media?parent=4042"}],"curies":[{"name":"wp","href":"https:\/\/api.w.org\/{rel}","templated":true}]}}