{"id":4255,"date":"2025-01-27T13:30:26","date_gmt":"2025-01-27T13:30:26","guid":{"rendered":"https:\/\/glen-studie.de\/?page_id=4255"},"modified":"2026-03-31T12:56:58","modified_gmt":"2026-03-31T12:56:58","slug":"internationaler-beirat","status":"publish","type":"page","link":"https:\/\/glen-studie.de\/en\/internationaler-beirat\/","title":{"rendered":"International Advisory Board"},"content":{"rendered":"<section class=\"l-section wpb_row us_custom_60e9caca us_animate_this height_auto with_img\"><div class=\"l-section-img\" role=\"img\" aria-label=\"Image\" data-img-width=\"2253\" data-img-height=\"836\" style=\"background-image: url(https:\/\/glen-studie.de\/wp-content\/uploads\/2026\/03\/HIntergrund-Titeldesign-4-scaled-e1774961253478.png);background-position: center left;background-repeat: no-repeat;\"><\/div><div class=\"l-section-h i-cf\"><div class=\"g-cols vc_row via_grid cols_1 laptops-cols_inherit tablets-cols_inherit mobiles-cols_1 valign_top type_default stacking_default\"><div class=\"wpb_column vc_column_container\"><div class=\"vc_column-inner\"><div class=\"wpb_text_column us_custom_25fe75b3 hide_on_mobiles\"><div class=\"wpb_wrapper\"><h2>International Advisory Board<\/h2>\n<\/div><\/div><\/div><\/div><\/div><\/div><\/section><section class=\"l-section wpb_row us_custom_7e2ba805 us_animate_this height_small\"><div class=\"l-section-h i-cf\"><div class=\"g-cols vc_row via_grid cols_1 laptops-cols_inherit tablets-cols_inherit mobiles-cols_1 valign_top type_default stacking_default\"><div class=\"wpb_column vc_column_container\"><div class=\"vc_column-inner\"><div class=\"g-cols wpb_row us_custom_86cd92dc via_grid cols_1 laptops-cols_inherit tablets-cols_inherit mobiles-cols_1 valign_top type_default stacking_default\" style=\"--columns-gap:3rem;\"><div class=\"wpb_column vc_column_container\"><div class=\"vc_column-inner\"><div class=\"wpb_text_column us_custom_3eefaca4\"><div class=\"wpb_wrapper\"><p>The DFG long-term project GLEN is also supported by an international advisory board. This board consists of five representatives from various scientific fields and countries.<\/p>\n<p><strong>Members of the International GLEN Advisory Board:<\/strong><\/p>\n<\/div><\/div><\/div><\/div><\/div><\/div><\/div><\/div><\/div><\/section><section class=\"l-section wpb_row us_custom_60e9caca us_animate_this height_medium\"><div class=\"l-section-h i-cf\"><div class=\"g-cols vc_row via_grid cols_1 laptops-cols_inherit tablets-cols_inherit mobiles-cols_1 valign_top type_default stacking_default\"><div class=\"wpb_column vc_column_container us_custom_a3dda067\"><div class=\"vc_column-inner\"><div class=\"w-separator size_medium with_line width_default thick_1 style_solid color_border align_center\"><div class=\"w-separator-h\"><\/div><\/div><div class=\"wpb_text_column\"><div class=\"wpb_wrapper\"><h4><a href=\"https:\/\/danarfisher.com\/\" target=\"_blank\" rel=\"noopener noreferrer nofollow\">Prof. Dana R. Fisher<\/a><\/h4>\n<p><a href=\"https:\/\/www.american.edu\/sis\/faculty\/drfisher.cfm\" target=\"_blank\" rel=\"noopener noreferrer nofollow\">American University<\/a><\/p>\n<\/div><\/div><div class=\"w-separator size_medium with_line width_default thick_1 style_solid color_border align_center\"><div class=\"w-separator-h\"><\/div><\/div><div class=\"wpb_text_column\"><div class=\"wpb_wrapper\"><h4>Prof. Christine Horne<\/h4>\n<p><a href=\"https:\/\/soc.wsu.edu\/people\/archive-faculty\/horne-christine\/\" target=\"_blank\" rel=\"noopener noreferrer nofollow\">Washington State University\u00a0<\/a><\/p>\n<\/div><\/div><div class=\"w-separator size_medium with_line width_default thick_1 style_solid color_border align_center\"><div class=\"w-separator-h\"><\/div><\/div><div class=\"wpb_text_column\"><div class=\"wpb_wrapper\"><h4>Prof. Annette J\u00e4ckle<\/h4>\n<p><a href=\"https:\/\/www.essex.ac.uk\/people\/JACKL42502\/Annette-Jackle\" target=\"_blank\" rel=\"noopener noreferrer nofollow\">University of Essex<\/a><\/p>\n<\/div><\/div><div class=\"w-separator size_medium with_line width_default thick_1 style_solid color_border align_center\"><div class=\"w-separator-h\"><\/div><\/div><div class=\"wpb_text_column\"><div class=\"wpb_wrapper\"><h4>Prof. Mogopodi Hazel Lekorwe<\/h4>\n<p><a href=\"https:\/\/www.ub.bw\/connect\/staff\/1503\" target=\"_blank\" rel=\"noopener noreferrer nofollow\">University of Botswana<\/a><\/p>\n<\/div><\/div><div class=\"w-separator size_medium with_line width_default thick_1 style_solid color_border align_center\"><div class=\"w-separator-h\"><\/div><\/div><div class=\"wpb_text_column\"><div class=\"wpb_wrapper\"><h4>Prof. Linda Steg<\/h4>\n<p><a href=\"https:\/\/www.rug.nl\/about-ug\/latest-news\/press-information\/scientists-in-focus\/lsteg?lang=en\" target=\"_blank\" rel=\"noopener noreferrer nofollow\"><span>University of Groningen<\/span><\/a><\/p>\n<\/div><\/div><\/div><\/div><\/div><\/div><\/section>","protected":false},"excerpt":{"rendered":"Internationaler Beirat Das DFG Langzeitprojekt GLEN wird ebenfalls von einem internationalen Beirat begleitet. Dieser bildet sich aus f\u00fcnf Vertreterinnen und Vertretern aus verschiedenen wissenschaftlichen Bereichen und L\u00e4ndern. Dem internationalen GLEN-Beirat geh\u00f6ren folgende Personen an Prof. Dana R. Fisher American University Prof. Christine Horne Washington State University\u00a0 Prof. Annette J\u00e4ckle University of Essex Prof. Mogopodi Hazel...","protected":false},"author":1,"featured_media":0,"parent":0,"menu_order":0,"comment_status":"closed","ping_status":"closed","template":"","meta":{"footnotes":""},"class_list":["post-4255","page","type-page","status-publish","hentry"],"_links":{"self":[{"href":"https:\/\/glen-studie.de\/en\/wp-json\/wp\/v2\/pages\/4255","targetHints":{"allow":["GET"]}}],"collection":[{"href":"https:\/\/glen-studie.de\/en\/wp-json\/wp\/v2\/pages"}],"about":[{"href":"https:\/\/glen-studie.de\/en\/wp-json\/wp\/v2\/types\/page"}],"author":[{"embeddable":true,"href":"https:\/\/glen-studie.de\/en\/wp-json\/wp\/v2\/users\/1"}],"replies":[{"embeddable":true,"href":"https:\/\/glen-studie.de\/en\/wp-json\/wp\/v2\/comments?post=4255"}],"version-history":[{"count":6,"href":"https:\/\/glen-studie.de\/en\/wp-json\/wp\/v2\/pages\/4255\/revisions"}],"predecessor-version":[{"id":4626,"href":"https:\/\/glen-studie.de\/en\/wp-json\/wp\/v2\/pages\/4255\/revisions\/4626"}],"wp:attachment":[{"href":"https:\/\/glen-studie.de\/en\/wp-json\/wp\/v2\/media?parent=4255"}],"curies":[{"name":"wp","href":"https:\/\/api.w.org\/{rel}","templated":true}]}}