{"id":4416,"date":"2025-12-01T15:36:04","date_gmt":"2025-12-01T15:36:04","guid":{"rendered":"https:\/\/glen-studie.de\/?page_id=4416"},"modified":"2026-04-23T12:47:18","modified_gmt":"2026-04-23T12:47:18","slug":"frageboegen","status":"publish","type":"page","link":"https:\/\/glen-studie.de\/en\/frageboegen\/","title":{"rendered":"Questionnaires"},"content":{"rendered":"<section class=\"l-section wpb_row us_custom_60e9caca us_animate_this height_auto with_img\"><div class=\"l-section-img\" role=\"img\" aria-label=\"Image\" data-img-width=\"2253\" data-img-height=\"836\" style=\"background-image: url(https:\/\/glen-studie.de\/wp-content\/uploads\/2026\/03\/HIntergrund-Titeldesign-4-scaled-e1774961253478.png);background-position: center left;background-repeat: no-repeat;\"><\/div><div class=\"l-section-h i-cf\"><div class=\"g-cols vc_row via_grid cols_1 laptops-cols_inherit tablets-cols_inherit mobiles-cols_1 valign_top type_default stacking_default\"><div class=\"wpb_column vc_column_container\"><div class=\"vc_column-inner\"><h2 class=\"w-post-elm post_title us_custom_5df4fe80 entry-title color_link_inherit\">Questionnaires<\/h2><\/div><\/div><\/div><\/div><\/section><section class=\"l-section wpb_row us_custom_60e9caca us_animate_this height_small\"><div class=\"l-section-h i-cf\"><div class=\"g-cols vc_row via_grid cols_1 laptops-cols_inherit tablets-cols_inherit mobiles-cols_1 valign_top type_default stacking_default\"><div class=\"wpb_column vc_column_container\"><div class=\"vc_column-inner\"><div class=\"g-cols wpb_row us_custom_b87f0283 via_grid cols_1 laptops-cols_inherit tablets-cols_inherit mobiles-cols_1 valign_top type_default stacking_default\" style=\"--columns-gap:3rem;\"><div class=\"wpb_column vc_column_container\"><div class=\"vc_column-inner\"><div class=\"wpb_text_column us_custom_b91424ac\"><div class=\"wpb_wrapper\"><p class=\"translation-block\"><strong>Here you will find the questionnaires\/codebooks from previous waves of the GLEN study, which will be published in the first release in June 2026. Some of the surveys were conducted as computer-assisted web interviews (CAWI) and others as pen-and-paper interviews (PAPI).  <\/strong><strong>We are providing these here in a preliminary version. The English version of the questionnaires will follow shortly.<br>\nIf you have any further questions, please do not hesitate to <a href=\"https:\/\/glen-studie.de\/en\/kontakt\/\" target=\"_self\">contact us<\/a>. <\/strong><\/p>\n<\/div><\/div><\/div><\/div><\/div><div class=\"g-cols wpb_row via_grid cols_2 laptops-cols_inherit tablets-cols_inherit mobiles-cols_1 valign_top type_default stacking_default\" style=\"--columns-gap:3rem;\"><div class=\"wpb_column vc_column_container us_custom_dcaac7b3 has_text_color has_bg_color\"><div class=\"vc_column-inner\"><div class=\"wpb_text_column\"><div class=\"wpb_wrapper\"><h3>Recruitment survey<\/h3>\n<p class=\"translation-block\"><strong>Data collection period:<\/strong>\u00a006.11.2024 \u2013 22.01.2025<br>\nInterviewmode: CAWI, PAPI<\/p>\n<\/div><\/div><div class=\"w-btn-wrapper align_right\"><a class=\"w-btn us-btn-style_1 us_custom_51e7fb6e\" target=\"_blank\" href=\"https:\/\/glen-studie.de\/wp-content\/uploads\/2025\/12\/Fragebogen_Rekrutierung.pdf\"><span class=\"w-btn-label\">CAWI Questionnaire<\/span><\/a><\/div><div class=\"w-btn-wrapper align_right\"><a class=\"w-btn us-btn-style_1 us_custom_6a037096\" target=\"_blank\" href=\"https:\/\/glen-studie.de\/wp-content\/uploads\/2025\/12\/Fragebogen_Rekru_PAPI.pdf\"><span class=\"w-btn-label\">PAPI Questionnaire<\/span><\/a><\/div><\/div><\/div><div class=\"wpb_column vc_column_container us_custom_dcaac7b3 has_text_color has_bg_color\"><div class=\"vc_column-inner\"><div class=\"wpb_text_column\"><div class=\"wpb_wrapper\"><h3>Starter survey<\/h3>\n<p class=\"translation-block\"><strong>Data collection period:<\/strong>\u00a028.01.2025 \u2013 01.04.2025<br> \nInterviewmode: CAWI, PAPI<\/p>\n<\/div><\/div><div class=\"w-btn-wrapper align_right\"><a class=\"w-btn us-btn-style_1 us_custom_e2a9ef87\" target=\"_blank\" href=\"https:\/\/glen-studie.de\/wp-content\/uploads\/2025\/12\/Fragebogen_Starter.pdf\"><span class=\"w-btn-label\">CAWI Questionnaire<\/span><\/a><\/div><\/div><\/div><\/div><div class=\"g-cols wpb_row via_grid cols_2 laptops-cols_inherit tablets-cols_inherit mobiles-cols_1 valign_top type_default stacking_default\" style=\"--columns-gap:3rem;\"><div class=\"wpb_column vc_column_container us_custom_dcaac7b3 has_text_color has_bg_color\"><div class=\"vc_column-inner\"><div class=\"wpb_text_column\"><div class=\"wpb_wrapper\"><h3>Wave 1a<\/h3>\n<p class=\"translation-block\"><strong>Data collection period:<\/strong>\u00a005.05.2025 \u2013 21.07.2025<br>\nInterviewmode: CAWI, PAPI<\/p>\n<\/div><\/div><div class=\"w-btn-wrapper align_right\"><a class=\"w-btn us-btn-style_1 us_custom_51e7fb6e\" target=\"_blank\" href=\"https:\/\/glen-studie.de\/wp-content\/uploads\/2026\/02\/Fragebogen_W1a.pdf\"><span class=\"w-btn-label\">CAWI Questionnaire<\/span><\/a><\/div><div class=\"w-btn-wrapper align_right\"><a class=\"w-btn us-btn-style_1 us_custom_6a037096\" target=\"_blank\" href=\"https:\/\/glen-studie.de\/wp-content\/uploads\/2025\/12\/Fragebogen_W1a_PAPI.pdf\"><span class=\"w-btn-label\">PAPI Questionnaire<\/span><\/a><\/div><\/div><\/div><div class=\"wpb_column vc_column_container us_custom_dcaac7b3 has_text_color has_bg_color\"><div class=\"vc_column-inner\"><div class=\"wpb_text_column\"><div class=\"wpb_wrapper\"><h3>Inter-wave survey 2025a<\/h3>\n<p class=\"translation-block\"><strong>Data collection period: <\/strong>17.09 \u2013 23.10.2025<br> \nInterviewmode: CAWI<\/p>\n<\/div><\/div><div class=\"w-btn-wrapper align_right\"><button class=\"w-btn us-btn-style_1 us_custom_e2a9ef87\" target=\"_blank\" type=\"button\"><span class=\"w-btn-label\">Coming soon<\/span><\/button><\/div><\/div><\/div><\/div><div class=\"g-cols wpb_row via_grid cols_2 laptops-cols_inherit tablets-cols_inherit mobiles-cols_1 valign_top type_default stacking_default\" style=\"--columns-gap:3rem;\"><div class=\"wpb_column vc_column_container us_custom_dcaac7b3 has_text_color has_bg_color\"><div class=\"vc_column-inner\"><div class=\"wpb_text_column\"><div class=\"wpb_wrapper\"><h3>Wave 1b<\/h3>\n<p class=\"translation-block\"><strong>Data collection period:<\/strong>11.11.2025 \u2013 19.01.2026<br> \nInterviewmode: CAWI<\/p>\n<\/div><\/div><div class=\"w-btn-wrapper align_right\"><a class=\"w-btn us-btn-style_1 us_custom_e2a9ef87\" target=\"_blank\" href=\"https:\/\/glen-studie.de\/wp-content\/uploads\/2026\/01\/Fragebogen_W1b.pdf\"><span class=\"w-btn-label\">CAWI Questionnaire<\/span><\/a><\/div><\/div><\/div><div class=\"wpb_column vc_column_container\"><div class=\"vc_column-inner\"><\/div><\/div><\/div><\/div><\/div><\/div><\/div><\/section>","protected":false},"excerpt":{"rendered":"Frageb\u00f6genHier finden Sie die Frageb\u00f6gen\/Codebooks der bisherigen Befragungswellen der GLEN-Studie, die im ersten Release im Juni 2026 ver\u00f6ffentlicht werden. Die Befragungen fanden zum Teil als\u00a0 Computer-assisted web interview (CAWI) und als Pen-and-Paper Interviews (PAPI). Wir stellen diese hier in einer vorl\u00e4ufigen Version zur Verf\u00fcgung. Die englische Version der Frageb\u00f6gen folgt in K\u00fcrze. Bei weiteren Fragen,...","protected":false},"author":1,"featured_media":0,"parent":0,"menu_order":0,"comment_status":"closed","ping_status":"closed","template":"","meta":{"footnotes":""},"class_list":["post-4416","page","type-page","status-publish","hentry"],"_links":{"self":[{"href":"https:\/\/glen-studie.de\/en\/wp-json\/wp\/v2\/pages\/4416","targetHints":{"allow":["GET"]}}],"collection":[{"href":"https:\/\/glen-studie.de\/en\/wp-json\/wp\/v2\/pages"}],"about":[{"href":"https:\/\/glen-studie.de\/en\/wp-json\/wp\/v2\/types\/page"}],"author":[{"embeddable":true,"href":"https:\/\/glen-studie.de\/en\/wp-json\/wp\/v2\/users\/1"}],"replies":[{"embeddable":true,"href":"https:\/\/glen-studie.de\/en\/wp-json\/wp\/v2\/comments?post=4416"}],"version-history":[{"count":17,"href":"https:\/\/glen-studie.de\/en\/wp-json\/wp\/v2\/pages\/4416\/revisions"}],"predecessor-version":[{"id":4658,"href":"https:\/\/glen-studie.de\/en\/wp-json\/wp\/v2\/pages\/4416\/revisions\/4658"}],"wp:attachment":[{"href":"https:\/\/glen-studie.de\/en\/wp-json\/wp\/v2\/media?parent=4416"}],"curies":[{"name":"wp","href":"https:\/\/api.w.org\/{rel}","templated":true}]}}